{"id":207,"date":"2014-11-25T18:04:37","date_gmt":"2014-11-25T20:04:37","guid":{"rendered":"http:\/\/demo.mekshq.com\/voice\/?page_id=207"},"modified":"2026-04-08T12:30:51","modified_gmt":"2026-04-08T15:30:51","slug":"home","status":"publish","type":"page","link":"https:\/\/ciendigital.com.br\/","title":{"rendered":"Home"},"content":{"rendered":"<div class=\"wpb-content-wrapper\">[vc_row full_width=&#8221;stretch_row_content_no_spaces&#8221; gmbt_prlx_bg_type=&#8221;parallax&#8221; gmbt_prlx_break_parents=&#8221;0&#8243; gmbt_prlx_smooth_scrolling=&#8221;&#8221; gmbt_prlx_video_mute=&#8221;&#8221; gmbt_prlx_video_force_hd=&#8221;&#8221; gmbt_prlx_opacity=&#8221;100&#8243; gmbt_prlx_video_aspect_ratio=&#8221;16:9&#8243; gmbt_prlx_parallax=&#8221;none&#8221; gmbt_prlx_speed=&#8221;0.3&#8243; gmbt_prlx_enable_mobile=&#8221;&#8221;][vc_column][rev_slider_vc alias=&#8221;integrity-wp-slider&#8221;][\/vc_column][\/vc_row][vc_row gmbt_prlx_bg_type=&#8221;parallax&#8221; gmbt_prlx_break_parents=&#8221;0&#8243; gmbt_prlx_smooth_scrolling=&#8221;&#8221; gmbt_prlx_video=&#8221;&#8221; gmbt_prlx_video_mute=&#8221;&#8221; gmbt_prlx_video_force_hd=&#8221;&#8221; gmbt_prlx_opacity=&#8221;100&#8243; gmbt_prlx_video_aspect_ratio=&#8221;16:9&#8243; gmbt_prlx_parallax=&#8221;none&#8221; gmbt_background_repeat=&#8221;&#8221; gmbt_background_position=&#8221;&#8221; gmbt_prlx_speed=&#8221;0.3&#8243; gmbt_prlx_enable_mobile=&#8221;&#8221;][vc_column css=&#8221;.vc_custom_1542485956289{margin-top: 0px !important;margin-bottom: 0px !important;border-top-width: 0px !important;border-bottom-width: 0px !important;padding-top: 0px !important;padding-bottom: 0px !important;}&#8221;][vc_empty_space][vc_single_image image=&#8221;5659814&#8243; lightbox_custom_img=&#8221;5659815&#8243; lightbox_title=&#8221;Imagem gerada por intelig\u00eancia aritificial&#8221;][vc_empty_space][vc_column_text]\n<h1><span style=\"color: #800000;\">EDITORIAL<\/span><\/h1>\n[\/vc_column_text][vc_empty_space][vc_column_text]\n<h6>Claudia Santa e Fl\u00e1via C\u00eara<\/h6>\n<p style=\"text-align: justify;\">Neste n\u00famero faremos um sobrevoo sobre os \u00faltimos temas de trabalho das Redes sobre a inf\u00e2ncia do Campo Freudiano trazendo textos orientadores e os destinos que eles ganharam no CIEN-Brasil. Come\u00e7amos com o texto de Eve Miller-Rose que abriu a conversa\u00e7\u00e3o das Redes na Am\u00e9rica, em Belo Horizonte, com o tema Imagens que d\u00e3o medo. Neste texto temos orienta\u00e7\u00f5es precisas que apontam para as surpresas, para o lugar do inconsciente, do saber da crian\u00e7a e a posi\u00e7\u00e3o do analista. \u00c9 uma b\u00fassola para acompanharmos os lugares \u201conde a crian\u00e7a tenta dizer, para fisgar o imposs\u00edvel de suportar, para cernir o indiz\u00edvel\u201d. Neste n\u00famero tamb\u00e9m trazemos o texto de Carolina Koretzky que atravessa o tema dos Sonhos e fantasmas na crian\u00e7a, intitulado Sobre a necessidade da fic\u00e7\u00e3o que faz um percurso sobre seus usos e as fun\u00e7\u00f5es para a crian\u00e7a. Destacamos como uma orienta\u00e7\u00e3o para o CIEN, cujo trabalho com os sonhos se sustentam delicadamente em real\u00e7\u00e1-los como uma p\u00e9rola indicando que \u201cprecisamos permanecer vigilantes. Alguns discursos hoje em dia n\u00e3o gostam que fa\u00e7amos os sonhos falarem\u201d.<\/p>\n[\/vc_column_text]<a href=\"https:\/\/ciendigital.com.br\/index.php\/2026\/04\/08\/editorial-4\/\" class=\"vcex-button theme-button inline\" style=\"background:#7f1c1c;\" data-wpex-hover='{&quot;background&quot;:&quot;#7f1c1c&quot;}'><span class=\"vcex-button-inner theme-button-inner\">LEIA+<\/span><\/a> [\/vc_column][\/vc_row][vc_row][vc_column][vc_empty_space]<div class=\"vcex-module vcex-divider vcex-divider-solid vcex-divider-center wpex-mx-auto wpex-block wpex-h-0 wpex-border-b wpex-border-solid wpex-border-main\" style=\"border-bottom-width:3px;border-color:#8c0025;\"><\/div>[vc_empty_space][\/vc_column][\/vc_row][vc_row gmbt_prlx_bg_type=&#8221;parallax&#8221; gmbt_prlx_break_parents=&#8221;0&#8243; gmbt_prlx_smooth_scrolling=&#8221;&#8221; gmbt_prlx_video=&#8221;&#8221; gmbt_prlx_video_mute=&#8221;&#8221; gmbt_prlx_video_force_hd=&#8221;&#8221; gmbt_prlx_opacity=&#8221;100&#8243; gmbt_prlx_video_aspect_ratio=&#8221;16:9&#8243; gmbt_prlx_parallax=&#8221;none&#8221; gmbt_background_repeat=&#8221;&#8221; gmbt_background_position=&#8221;&#8221; gmbt_prlx_speed=&#8221;0.3&#8243; gmbt_prlx_enable_mobile=&#8221;&#8221;][vc_column css=&#8221;.vc_custom_1542485956289{margin-top: 0px !important;margin-bottom: 0px !important;border-top-width: 0px !important;border-bottom-width: 0px !important;padding-top: 0px !important;padding-bottom: 0px !important;}&#8221;][vc_empty_space][vc_single_image image=&#8221;5659810&#8243; lightbox_custom_img=&#8221;5659825&#8243; lightbox_title=&#8221;Imagem gerada por intelig\u00eancia aritificial&#8221;][vc_empty_space][vc_column_text]\n<h1><span style=\"color: #800000;\">H\u00cdFEN<\/span><\/h1>\n[\/vc_column_text][vc_empty_space][vc_column_text]<a href=\"https:\/\/ciendigital.com.br\/index.php\/2026\/04\/07\/editorial-3\/\"><strong>Abertura<\/strong><\/a><br \/>\nEve Miller-Rose<\/p>\n<p><a href=\"https:\/\/ciendigital.com.br\/index.php\/2026\/04\/07\/abertura-depois-da-de-nohemi-brown-4-setembro-de-2025\/\"><strong>\u00a0Sobre a necessidade de fic\u00e7\u00f5es<\/strong><\/a><br \/>\nCarolina Koretzky<\/p>\n<p><a href=\"https:\/\/ciendigital.com.br\/index.php\/2026\/04\/07\/as-criancas-e-seus-objetos-2\/\"><strong>As crian\u00e7as e seus objetos<\/strong><\/a><br \/>\nDaniel Roy<\/p>\n<p><a href=\"https:\/\/ciendigital.com.br\/index.php\/2026\/04\/07\/comer-a-pulsao-oral-nas-criancas\/\"><strong>Comer: A puls\u00e3o oral nas crian\u00e7as<\/strong><\/a><br \/>\nLigia Gorini[\/vc_column_text][\/vc_column][\/vc_row][vc_row][vc_column][vc_empty_space]<div class=\"vcex-module vcex-divider vcex-divider-solid vcex-divider-center wpex-mx-auto wpex-block wpex-h-0 wpex-border-b wpex-border-solid wpex-border-main\" style=\"border-bottom-width:3px;border-color:#8c0025;\"><\/div>[vc_empty_space][\/vc_column][\/vc_row][vc_row gmbt_prlx_bg_type=&#8221;parallax&#8221; gmbt_prlx_break_parents=&#8221;0&#8243; gmbt_prlx_smooth_scrolling=&#8221;&#8221; gmbt_prlx_video=&#8221;&#8221; gmbt_prlx_video_mute=&#8221;&#8221; gmbt_prlx_video_force_hd=&#8221;&#8221; gmbt_prlx_opacity=&#8221;100&#8243; gmbt_prlx_video_aspect_ratio=&#8221;16:9&#8243; gmbt_prlx_parallax=&#8221;none&#8221; gmbt_background_repeat=&#8221;&#8221; gmbt_background_position=&#8221;&#8221; gmbt_prlx_speed=&#8221;0.3&#8243; gmbt_prlx_enable_mobile=&#8221;&#8221;][vc_column css=&#8221;.vc_custom_1542485956289{margin-top: 0px !important;margin-bottom: 0px !important;border-top-width: 0px !important;border-bottom-width: 0px !important;padding-top: 0px !important;padding-bottom: 0px !important;}&#8221;][vc_empty_space][vc_single_image image=&#8221;5659811&#8243; lightbox_custom_img=&#8221;5659827&#8243; lightbox_title=&#8221;Imagem gerada por intelig\u00eancia aritificial&#8221;][vc_empty_space][vc_column_text]\n<h1><span style=\"color: #800000;\">LABOR|a|t\u00f3rios<\/span><\/h1>\n[\/vc_column_text][vc_empty_space][vc_column_text]<a href=\"https:\/\/ciendigital.com.br\/index.php\/2026\/04\/07\/caminhos-de-significantes-e-sonhos-efeitos-de-cien-que-despertam\/\"><strong>Caminhos de significantes e sonhos, efeitos de CIEN que despertam<\/strong><\/a><br \/>\nLaborat\u00f3rio Bola de Gude<\/p>\n<p><a href=\"https:\/\/ciendigital.com.br\/index.php\/2026\/04\/07\/therians-identidade-corpo-e-pertencimento-nas-redes-sociais\/\"><strong>Therians: Identidade, corpo e pertencimento nas redes sociais<\/strong><\/a><br \/>\nLaborat\u00f3rio Ser, parecer, sonhar nas redes sociai<\/p>\n<p><a href=\"https:\/\/ciendigital.com.br\/index.php\/2026\/04\/07\/eu-ate-sonhei-com-voce\/\"><strong>Eu at\u00e9 sonhei com voc\u00ea <\/strong><\/a><br \/>\nLaborat\u00f3rio A crian\u00e7a entre a mulher e a m\u00e3e<\/p>\n<p><a href=\"https:\/\/ciendigital.com.br\/index.php\/2026\/04\/07\/a-conversacao-sobre-sonhos-ponto-de-impossivel-ou-um-lugar-a-pertencer\/\"><strong>A conversa\u00e7\u00e3o sobre sonhos: ponto de imposs\u00edvel ou um lugar a pertencer?<\/strong><\/a><br \/>\nLaborat\u00f3rio Entre Escolhas e Expectativas<\/p>\n<p><a href=\"https:\/\/ciendigital.com.br\/index.php\/2026\/04\/07\/por-ter-sido-sonhado\/\"><strong>Por ter sido sonhado<\/strong><\/a><br \/>\nLaborat\u00f3rio Encontro dos Saberes<\/p>\n<p><a href=\"https:\/\/ciendigital.com.br\/index.php\/2026\/04\/07\/a-escola-teria-uma-fantasia-sobre-os-corpos-pretos\/\"><strong>A escola teria uma fantasia sobre os corpos pretos?<\/strong><\/a><br \/>\nLaborat\u00f3rio A Escola e Suas Cores<\/p>\n<p><a href=\"https:\/\/ciendigital.com.br\/index.php\/2026\/04\/07\/o-corte-entre-o-silencio-e-a-palavra-o-que-fazer-com-isso\/\"><strong>O corte entre o sil\u00eancio e a palavra: O que fazer com isso?<\/strong><\/a><br \/>\nLaborat\u00f3rio A crian\u00e7a e o jovem na hipermodernidade<\/p>\n<p><a href=\"https:\/\/ciendigital.com.br\/index.php\/2026\/04\/07\/as-conversacoes-na-biblioteca-hans-c-andersen-e-as-dancas-das-cadeiras\/\"><strong>As Conversa\u00e7\u00f5es na Biblioteca Hans C. Andersen e as dan\u00e7as das cadeiras<\/strong><\/a><br \/>\nLaborat\u00f3rio CRIAR<\/p>\n<p><a href=\"https:\/\/ciendigital.com.br\/index.php\/2026\/04\/07\/o-autismo-como-um-sonho-que-nao-foi-sonhado\/\"><strong>O autismo como um sonho que n\u00e3o foi sonhado<\/strong><\/a><br \/>\nLaborat\u00f3rio Protocolo Aberto<\/p>\n<p><a href=\"https:\/\/ciendigital.com.br\/index.php\/2026\/04\/07\/o-adolescente-especialista-de-si-e-o-adolescente-pesquisador-uma-aposta-na-conversacao\/\"><strong>O adolescente especialista de si e o adolescente pesquisador: uma aposta na conversa\u00e7\u00e3o<\/strong><\/a><br \/>\nLaborat\u00f3rio Janela da Escuta[\/vc_column_text][\/vc_column][\/vc_row][vc_row][vc_column][vc_empty_space]<div class=\"vcex-module vcex-divider vcex-divider-solid vcex-divider-center wpex-mx-auto wpex-block wpex-h-0 wpex-border-b wpex-border-solid wpex-border-main\" style=\"border-bottom-width:3px;border-color:#8c0025;\"><\/div>[vc_empty_space][\/vc_column][\/vc_row][vc_row gmbt_prlx_bg_type=&#8221;parallax&#8221; gmbt_prlx_break_parents=&#8221;0&#8243; gmbt_prlx_smooth_scrolling=&#8221;&#8221; gmbt_prlx_video=&#8221;&#8221; gmbt_prlx_video_mute=&#8221;&#8221; gmbt_prlx_video_force_hd=&#8221;&#8221; gmbt_prlx_opacity=&#8221;100&#8243; gmbt_prlx_video_aspect_ratio=&#8221;16:9&#8243; gmbt_prlx_parallax=&#8221;none&#8221; gmbt_background_repeat=&#8221;&#8221; gmbt_background_position=&#8221;&#8221; gmbt_prlx_speed=&#8221;0.3&#8243; gmbt_prlx_enable_mobile=&#8221;&#8221;][vc_column css=&#8221;.vc_custom_1542485956289{margin-top: 0px !important;margin-bottom: 0px !important;border-top-width: 0px !important;border-bottom-width: 0px !important;padding-top: 0px !important;padding-bottom: 0px !important;}&#8221;][vc_empty_space][vc_single_image image=&#8221;5659812&#8243; lightbox_custom_img=&#8221;5659828&#8243; lightbox_title=&#8221;Imagem gerada por intelig\u00eancia aritificial&#8221;][vc_empty_space][vc_column_text]\n<h1><span style=\"color: #800000;\">CONTRIBUI\u00c7\u00d5ES<\/span><\/h1>\n[\/vc_column_text][vc_empty_space][vc_column_text]<strong><a href=\"https:\/\/ciendigital.com.br\/index.php\/2026\/04\/07\/duas-conversacoes-e-mais-uma-qual-a-particularidade-do-discurso-analitico-na-pratica-do-cien\/\">Duas conversa\u00e7\u00f5es e mais uma: \u201cQual a particularidade do discurso anal\u00edtico na pr\u00e1tica do CIEN?\u201d*<\/a><\/strong><br \/>\nEmelice Prado Bagnola &#8211; Cien SP<\/p>\n<p><strong><a href=\"https:\/\/ciendigital.com.br\/index.php\/2026\/04\/07\/a-operacao-do-inconsciente-sobre-o-sonho-um-recorte-do-dizer-de-jovens\/\">A opera\u00e7\u00e3o do inconsciente sobre o sonho: um recorte do dizer de jovens<\/a><\/strong><br \/>\nClarice T\u00falio Duarte, Fernanda Bezerra Santiago e Marina da Cunha Pinto Colares &#8211; Cien MG<\/p>\n<p><strong><a href=\"https:\/\/ciendigital.com.br\/index.php\/2026\/04\/07\/uma-experiencia-interdisciplinar-fazer-ex-sistir-o-inconsciente-no-espaco-escolar\/\">Uma experi\u00eancia interdisciplinar: fazer ex-sistir o inconsciente no espa\u00e7o escolar<\/a><\/strong><br \/>\nMirta Fernandes &#8211; Cien RJ[\/vc_column_text][\/vc_column][\/vc_row][vc_row][vc_column][vc_empty_space]<div class=\"vcex-module vcex-divider vcex-divider-solid vcex-divider-center wpex-mx-auto wpex-block wpex-h-0 wpex-border-b wpex-border-solid wpex-border-main\" style=\"border-bottom-width:3px;border-color:#8c0025;\"><\/div>[vc_empty_space][\/vc_column][\/vc_row][vc_row gmbt_prlx_bg_type=&#8221;parallax&#8221; gmbt_prlx_break_parents=&#8221;0&#8243; gmbt_prlx_smooth_scrolling=&#8221;&#8221; gmbt_prlx_video=&#8221;&#8221; gmbt_prlx_video_mute=&#8221;&#8221; gmbt_prlx_video_force_hd=&#8221;&#8221; gmbt_prlx_opacity=&#8221;100&#8243; gmbt_prlx_video_aspect_ratio=&#8221;16:9&#8243; gmbt_prlx_parallax=&#8221;none&#8221; gmbt_background_repeat=&#8221;&#8221; gmbt_background_position=&#8221;&#8221; gmbt_prlx_speed=&#8221;0.3&#8243; gmbt_prlx_enable_mobile=&#8221;&#8221;][vc_column css=&#8221;.vc_custom_1542485956289{margin-top: 0px !important;margin-bottom: 0px !important;border-top-width: 0px !important;border-bottom-width: 0px !important;padding-top: 0px !important;padding-bottom: 0px !important;}&#8221;][vc_empty_space][vc_single_image image=&#8221;5659813&#8243; lightbox_custom_img=&#8221;5659830&#8243; lightbox_title=&#8221;Imagem gerada por intelig\u00eancia aritificial&#8221;][vc_empty_space][vc_column_text]\n<h1><span style=\"color: #800000;\">CINE-CIEN<\/span><\/h1>\n[\/vc_column_text][vc_empty_space][vc_column_text]<a href=\"https:\/\/ciendigital.com.br\/index.php\/2026\/04\/07\/fragmentos-do-gozo-dando-forma-ao-desejo\/\"><strong>Fragmentos do gozo dando forma ao desejo<\/strong><\/a><br \/>\nAna Lydia Santiago<\/p>\n<p><a href=\"https:\/\/ciendigital.com.br\/index.php\/2026\/04\/07\/zeze-um-menino-fantasioso\/\"><strong>Zez\u00e9, um menino fantasioso<\/strong><\/a><br \/>\nLuciana Silviano Brand\u00e3o Lopes<\/p>\n<p><a href=\"https:\/\/ciendigital.com.br\/index.php\/2026\/04\/07\/uma-conversacao-sobre-adolescencia\/\"><strong>Uma conversa\u00e7\u00e3o sobre \u201cAdolesc\u00eancia\u201d<\/strong><\/a><br \/>\nMirta Fernandes e Sandra Landim<\/p>\n<p><a href=\"https:\/\/ciendigital.com.br\/index.php\/2026\/04\/07\/com-quem-contar-sobre-a-minisserie-adolescencia\/\"><strong>Com quem contar?<\/strong><\/a><br \/>\nMaria do Ros\u00e1rio Collier do R\u00eago Barros[\/vc_column_text][\/vc_column][\/vc_row][vc_row][vc_column]<style> style=\"height:80px;\"<\/style><div class=\"vcex-spacing wpex-w-100 wpex-clear\" style=\"height:80px;\"><\/div>[\/vc_column][\/vc_row]\n<\/div>","protected":false},"excerpt":{"rendered":"<p>[vc_row full_width=&#8221;stretch_row_content_no_spaces&#8221; gmbt_prlx_bg_type=&#8221;parallax&#8221; gmbt_prlx_break_parents=&#8221;0&#8243; gmbt_prlx_smooth_scrolling=&#8221;&#8221; gmbt_prlx_video_mute=&#8221;&#8221; gmbt_prlx_video_force_hd=&#8221;&#8221; gmbt_prlx_opacity=&#8221;100&#8243; gmbt_prlx_video_aspect_ratio=&#8221;16:9&#8243; gmbt_prlx_parallax=&#8221;none&#8221; gmbt_prlx_speed=&#8221;0.3&#8243; gmbt_prlx_enable_mobile=&#8221;&#8221;][vc_column][rev_slider_vc alias=&#8221;integrity-wp-slider&#8221;][\/vc_column][\/vc_row][vc_row gmbt_prlx_bg_type=&#8221;parallax&#8221; gmbt_prlx_break_parents=&#8221;0&#8243; gmbt_prlx_smooth_scrolling=&#8221;&#8221; gmbt_prlx_video=&#8221;&#8221; gmbt_prlx_video_mute=&#8221;&#8221; gmbt_prlx_video_force_hd=&#8221;&#8221; gmbt_prlx_opacity=&#8221;100&#8243; gmbt_prlx_video_aspect_ratio=&#8221;16:9&#8243; gmbt_prlx_parallax=&#8221;none&#8221; gmbt_background_repeat=&#8221;&#8221; gmbt_background_position=&#8221;&#8221; gmbt_prlx_speed=&#8221;0.3&#8243; gmbt_prlx_enable_mobile=&#8221;&#8221;][vc_column css=&#8221;.vc_custom_1542485956289{margin-top: 0px !important;margin-bottom: 0px !important;border-top-width: 0px !important;border-bottom-width: 0px !important;padding-top: 0px !important;padding-bottom: 0px !important;}&#8221;][vc_empty_space][vc_single_image image=&#8221;5659814&#8243; lightbox_custom_img=&#8221;5659815&#8243; lightbox_title=&#8221;Imagem gerada por intelig\u00eancia aritificial&#8221;][vc_empty_space][vc_column_text] EDITORIAL [\/vc_column_text][vc_empty_space][vc_column_text] Claudia Santa e Fl\u00e1via C\u00eara Neste n\u00famero&hellip;<\/p>\n","protected":false},"author":1,"featured_media":0,"parent":0,"menu_order":0,"comment_status":"open","ping_status":"closed","template":"templates\/no-sidebar.php","meta":{"footnotes":""},"class_list":["post-207","page","type-page","status-publish","hentry","entry","no-media"],"_links":{"self":[{"href":"https:\/\/ciendigital.com.br\/index.php\/wp-json\/wp\/v2\/pages\/207","targetHints":{"allow":["GET"]}}],"collection":[{"href":"https:\/\/ciendigital.com.br\/index.php\/wp-json\/wp\/v2\/pages"}],"about":[{"href":"https:\/\/ciendigital.com.br\/index.php\/wp-json\/wp\/v2\/types\/page"}],"author":[{"embeddable":true,"href":"https:\/\/ciendigital.com.br\/index.php\/wp-json\/wp\/v2\/users\/1"}],"replies":[{"embeddable":true,"href":"https:\/\/ciendigital.com.br\/index.php\/wp-json\/wp\/v2\/comments?post=207"}],"version-history":[{"count":18,"href":"https:\/\/ciendigital.com.br\/index.php\/wp-json\/wp\/v2\/pages\/207\/revisions"}],"predecessor-version":[{"id":5659894,"href":"https:\/\/ciendigital.com.br\/index.php\/wp-json\/wp\/v2\/pages\/207\/revisions\/5659894"}],"wp:attachment":[{"href":"https:\/\/ciendigital.com.br\/index.php\/wp-json\/wp\/v2\/media?parent=207"}],"curies":[{"name":"wp","href":"https:\/\/api.w.org\/{rel}","templated":true}]}}