{"id":5658320,"date":"2018-11-17T08:46:37","date_gmt":"2018-11-17T10:46:37","guid":{"rendered":"http:\/\/ciendigital.com.br\/?page_id=5658320"},"modified":"2026-04-08T07:28:10","modified_gmt":"2026-04-08T10:28:10","slug":"edicoes-anteriores","status":"publish","type":"page","link":"https:\/\/ciendigital.com.br\/index.php\/edicoes-anteriores\/","title":{"rendered":"Edi\u00e7\u00f5es Anteriores"},"content":{"rendered":"<div class=\"wpb-content-wrapper\">[vc_row][vc_column][vc_column_text]\n<h2><span style=\"color: #3366ff;\">Edi\u00e7\u00f5es Anteriores<\/span><\/h2>\n[\/vc_column_text][\/vc_column][\/vc_row][vc_row][vc_column width=&#8221;1\/4&#8243;][vc_single_image image=&#8221;5659409&#8243; img_size=&#8221;90&#215;130&#8243; alignment=&#8221;center&#8221; css=&#8221;.vc_custom_1552849318943{margin-top: 0px !important;margin-bottom: 0px !important;border-top-width: 0px !important;border-bottom-width: 0px !important;padding-top: 0px !important;padding-bottom: 0px !important;}&#8221;][vc_column_text]\n<h6 style=\"text-align: center;\"><span style=\"color: #3366ff; line-height: 12px;\">Edi\u00e7\u00e3o<\/span><\/h6>\n<h2 style=\"text-align: center;\"><span style=\"color: #3366ff; line-height: 16px;\">#14<\/span><\/h2>\n[\/vc_column_text][vc_btn title=&#8221;Acessar&#8221; color=&#8221;primary&#8221; size=&#8221;xs&#8221; align=&#8221;center&#8221; link=&#8221;url:http%3A%2F%2Fciendigital.com.br%2Findex.php%2Fcien_digital_14%2F|||&#8221;][\/vc_column][vc_column width=&#8221;1\/4&#8243;][vc_single_image image=&#8221;5659410&#8243; img_size=&#8221;90&#215;130&#8243; alignment=&#8221;center&#8221; css=&#8221;.vc_custom_1552849296251{margin-top: 0px !important;margin-bottom: 0px !important;border-top-width: 0px !important;border-bottom-width: 0px !important;padding-top: 0px !important;padding-bottom: 0px !important;}&#8221;][vc_column_text]\n<h6 style=\"text-align: center;\"><span style=\"color: #3366ff; line-height: 12px;\">Edi\u00e7\u00e3o<\/span><\/h6>\n<h2 style=\"text-align: center;\"><span style=\"color: #3366ff; line-height: 16px;\">#15<\/span><\/h2>\n[\/vc_column_text][vc_btn title=&#8221;Acessar&#8221; color=&#8221;primary&#8221; size=&#8221;xs&#8221; align=&#8221;center&#8221; link=&#8221;url:http%3A%2F%2Fciendigital.com.br%2Findex.php%2Fcien_digital_15%2F|||&#8221;][\/vc_column][vc_column width=&#8221;1\/4&#8243;][vc_single_image image=&#8221;5659411&#8243; img_size=&#8221;90&#215;130&#8243; alignment=&#8221;center&#8221; css=&#8221;.vc_custom_1552849285675{margin-top: 0px !important;margin-bottom: 0px !important;border-top-width: 0px !important;border-bottom-width: 0px !important;padding-top: 0px !important;padding-bottom: 0px !important;}&#8221;][vc_column_text]\n<h6 style=\"text-align: center;\"><span style=\"color: #3366ff; line-height: 12px;\">Edi\u00e7\u00e3o<\/span><\/h6>\n<h2 style=\"text-align: center;\"><span style=\"color: #3366ff; line-height: 16px;\">#16<\/span><\/h2>\n[\/vc_column_text][vc_btn title=&#8221;Acessar&#8221; color=&#8221;primary&#8221; size=&#8221;xs&#8221; align=&#8221;center&#8221; link=&#8221;url:http%3A%2F%2Fciendigital.com.br%2Findex.php%2Fcien_digital_16%2F|||&#8221;][\/vc_column][vc_column width=&#8221;1\/4&#8243;][vc_single_image image=&#8221;5659404&#8243; img_size=&#8221;90&#215;130&#8243; alignment=&#8221;center&#8221; css=&#8221;.vc_custom_1552849017069{margin-top: 0px !important;margin-bottom: 0px !important;border-top-width: 0px !important;border-bottom-width: 0px !important;padding-top: 0px !important;padding-bottom: 0px !important;}&#8221;][vc_column_text]\n<h6 style=\"text-align: center;\"><span style=\"color: #3366ff; line-height: 12px;\">Edi\u00e7\u00e3o<\/span><\/h6>\n<h2 style=\"text-align: center;\"><span style=\"color: #3366ff; line-height: 16px;\">#17<\/span><\/h2>\n[\/vc_column_text][vc_btn title=&#8221;Acessar&#8221; color=&#8221;primary&#8221; size=&#8221;xs&#8221; align=&#8221;center&#8221; link=&#8221;url:http%3A%2F%2Fciendigital.com.br%2Findex.php%2Fcien_digital_17%2F|||&#8221;][\/vc_column][\/vc_row][vc_row][vc_column][vc_separator color=&#8221;blue&#8221;][\/vc_column][\/vc_row][vc_row][vc_column width=&#8221;1\/4&#8243;][vc_single_image image=&#8221;5659405&#8243; img_size=&#8221;90&#215;130&#8243; alignment=&#8221;center&#8221; css=&#8221;.vc_custom_1552849003710{margin-top: 0px !important;margin-bottom: 0px !important;border-top-width: 0px !important;border-bottom-width: 0px !important;padding-top: 0px !important;padding-bottom: 0px !important;}&#8221;][vc_column_text]\n<h6 style=\"text-align: center;\"><span style=\"color: #3366ff; line-height: 12px;\">Edi\u00e7\u00e3o<\/span><\/h6>\n<h2 style=\"text-align: center;\"><span style=\"color: #3366ff; line-height: 16px;\">#18<\/span><\/h2>\n[\/vc_column_text][vc_btn title=&#8221;Acessar&#8221; color=&#8221;primary&#8221; size=&#8221;xs&#8221; align=&#8221;center&#8221; link=&#8221;url:http%3A%2F%2Fciendigital.com.br%2Findex.php%2Fcien_digital_18%2F|||&#8221;][\/vc_column][vc_column width=&#8221;1\/4&#8243;][vc_single_image image=&#8221;5659406&#8243; img_size=&#8221;90&#215;130&#8243; alignment=&#8221;center&#8221; css=&#8221;.vc_custom_1552848957055{margin-top: 0px !important;margin-bottom: 0px !important;border-top-width: 0px !important;border-bottom-width: 0px !important;padding-top: 0px !important;padding-bottom: 0px !important;}&#8221;][vc_column_text]\n<h6 style=\"text-align: center;\"><span style=\"color: #3366ff; line-height: 12px;\">Edi\u00e7\u00e3o<\/span><\/h6>\n<h2 style=\"text-align: center;\"><span style=\"color: #3366ff; line-height: 16px;\">#19<\/span><\/h2>\n[\/vc_column_text][vc_btn title=&#8221;Acessar&#8221; color=&#8221;primary&#8221; size=&#8221;xs&#8221; align=&#8221;center&#8221; link=&#8221;url:http%3A%2F%2Fciendigital.com.br%2Findex.php%2Fcien_digital_19%2F|||&#8221;][\/vc_column][vc_column width=&#8221;1\/4&#8243;][vc_single_image image=&#8221;5659407&#8243; img_size=&#8221;90&#215;130&#8243; alignment=&#8221;center&#8221; css=&#8221;.vc_custom_1552848941332{margin-top: 0px !important;margin-bottom: 0px !important;border-top-width: 0px !important;border-bottom-width: 0px !important;padding-top: 0px !important;padding-bottom: 0px !important;}&#8221;][vc_column_text]\n<h6 style=\"text-align: center;\"><span style=\"color: #3366ff; line-height: 12px;\">Edi\u00e7\u00e3o<\/span><\/h6>\n<h2 style=\"text-align: center;\"><span style=\"color: #3366ff; line-height: 16px;\">#20<\/span><\/h2>\n[\/vc_column_text][vc_btn title=&#8221;Download&#8221; color=&#8221;primary&#8221; size=&#8221;xs&#8221; align=&#8221;center&#8221; link=&#8221;url:http%3A%2F%2Fciendigital.com.br%2Findex.php%2Fcien_digital_20%2F|||&#8221;][\/vc_column][vc_column width=&#8221;1\/4&#8243;][vc_single_image image=&#8221;5658761&#8243; img_size=&#8221;90&#215;130&#8243; alignment=&#8221;center&#8221; css=&#8221;.vc_custom_1542535860936{margin-top: 0px !important;margin-bottom: 0px !important;border-top-width: 0px !important;border-bottom-width: 0px !important;padding-top: 0px !important;padding-bottom: 0px !important;}&#8221;][vc_column_text]\n<h6 style=\"text-align: center;\"><span style=\"color: #3366ff; line-height: 12px;\">Edi\u00e7\u00e3o<\/span><\/h6>\n<h2 style=\"text-align: center;\"><span style=\"color: #3366ff; line-height: 16px;\">#21<\/span><\/h2>\n[\/vc_column_text][vc_btn title=&#8221;Acessar&#8221; color=&#8221;primary&#8221; size=&#8221;xs&#8221; align=&#8221;center&#8221; link=&#8221;url:http%3A%2F%2Fciendigital.com.br%2Findex.php%2Fcien_digital_21%2F|||&#8221;][\/vc_column][\/vc_row][vc_row][vc_column][vc_separator color=&#8221;blue&#8221;][\/vc_column][\/vc_row][vc_row][vc_column width=&#8221;1\/4&#8243;][vc_single_image image=&#8221;5658770&#8243; img_size=&#8221;90&#215;130&#8243; alignment=&#8221;center&#8221; css=&#8221;.vc_custom_1542542194379{margin-top: 0px !important;margin-bottom: 0px !important;border-top-width: 0px !important;border-bottom-width: 0px !important;padding-top: 0px !important;padding-bottom: 0px !important;}&#8221;][vc_column_text]\n<h6 style=\"text-align: center;\"><span style=\"color: #3366ff; line-height: 12px;\">Edi\u00e7\u00e3o<\/span><\/h6>\n<h2 style=\"text-align: center;\"><span style=\"color: #3366ff; line-height: 16px;\">#22<\/span><\/h2>\n[\/vc_column_text][vc_btn title=&#8221;Acessar&#8221; color=&#8221;primary&#8221; size=&#8221;xs&#8221; align=&#8221;center&#8221; link=&#8221;url:http%3A%2F%2Fciendigital.com.br%2Findex.php%2Fcien_digital_22%2F|||&#8221;][\/vc_column][vc_column width=&#8221;1\/4&#8243;][vc_single_image image=&#8221;5659488&#8243; img_size=&#8221;90&#215;130&#8243; alignment=&#8221;center&#8221; css=&#8221;.vc_custom_1573990545357{margin-top: 0px !important;margin-bottom: 0px !important;border-top-width: 0px !important;border-bottom-width: 0px !important;padding-top: 0px !important;padding-bottom: 0px !important;}&#8221;][vc_column_text]\n<h6 style=\"text-align: center;\"><span style=\"color: #3366ff; line-height: 12px;\">Edi\u00e7\u00e3o<\/span><\/h6>\n<h2 style=\"text-align: center;\"><span style=\"color: #3366ff; line-height: 16px;\">#23<\/span><\/h2>\n[\/vc_column_text][vc_btn title=&#8221;Acessar&#8221; color=&#8221;primary&#8221; size=&#8221;xs&#8221; align=&#8221;center&#8221; link=&#8221;url:http%3A%2F%2Fciendigital.com.br%2Findex.php%2Fcien-digital-23%2F|title:Cien%20digital%20%2323||&#8221;][\/vc_column][vc_column width=&#8221;1\/4&#8243;][vc_single_image image=&#8221;5659577&#8243; img_size=&#8221;90&#215;130&#8243; alignment=&#8221;center&#8221; css=&#8221;.vc_custom_1642933653816{margin-top: 0px !important;margin-bottom: 0px !important;border-top-width: 0px !important;border-bottom-width: 0px !important;padding-top: 0px !important;padding-bottom: 0px !important;}&#8221;][vc_column_text]\n<h6 style=\"text-align: center;\"><span style=\"color: #3366ff; line-height: 12px;\">Edi\u00e7\u00e3o<\/span><\/h6>\n<h2 style=\"text-align: center;\"><span style=\"color: #3366ff; line-height: 16px;\">#24<\/span><\/h2>\n[\/vc_column_text][vc_btn title=&#8221;Acessar&#8221; color=&#8221;primary&#8221; size=&#8221;xs&#8221; align=&#8221;center&#8221; link=&#8221;url:https%3A%2F%2Fciendigital.com.br%2Findex.php%2Fcien-digital-24%2F|title:Cien%20digital%20%2323&#8243;][\/vc_column][vc_column width=&#8221;1\/4&#8243;][vc_single_image image=&#8221;5659674&#8243; img_size=&#8221;90&#215;130&#8243; alignment=&#8221;center&#8221; css=&#8221;.vc_custom_1678044964888{margin-top: 0px !important;margin-bottom: 0px !important;border-top-width: 0px !important;border-bottom-width: 0px !important;padding-top: 0px !important;padding-bottom: 0px !important;}&#8221;][vc_column_text]\n<h6 style=\"text-align: center;\"><span style=\"color: #3366ff; line-height: 12px;\">Edi\u00e7\u00e3o<\/span><\/h6>\n<h2 style=\"text-align: center;\"><span style=\"color: #3366ff; line-height: 16px;\">#25<\/span><\/h2>\n[\/vc_column_text][vc_btn title=&#8221;Acessar&#8221; color=&#8221;primary&#8221; size=&#8221;xs&#8221; align=&#8221;center&#8221; link=&#8221;url:https%3A%2F%2Fciendigital.com.br%2Findex.php%2Fcien-digital-25%2F|title:Cien%20digital%20%2323&#8243;][\/vc_column][\/vc_row][vc_row][vc_column][vc_empty_space][\/vc_column][\/vc_row][vc_row][vc_column][vc_separator color=&#8221;blue&#8221;][\/vc_column][\/vc_row][vc_row disable_element=&#8221;yes&#8221;][vc_column][vc_column_text]\n<h3><span style=\"color: #3366ff;\"><em><strong>Edi\u00e7\u00f5es 1 a 22<\/strong><\/em><\/span><\/h3>\n<p><em><strong>Arquivos dispon\u00edveis para download em PDF:\u00a0<\/strong><\/em>[\/vc_column_text][\/vc_column][\/vc_row][vc_row css_animation=&#8221;fadeInUp&#8221; full_width=&#8221;stretch_row&#8221; content_placement=&#8221;middle&#8221; parallax=&#8221;content-moving&#8221; parallax_image=&#8221;5658740&#8243; parallax_speed_bg=&#8221;5&#8243; disable_element=&#8221;yes&#8221; css=&#8221;.vc_custom_1713469052653{margin-bottom: 50px !important;border-bottom-width: 50px !important;}&#8221;][vc_column][vc_row_inner css=&#8221;.vc_custom_1542532555528{margin-top: 0px !important;margin-bottom: 0px !important;border-top-width: 0px !important;border-bottom-width: 0px !important;padding-top: 0px !important;padding-bottom: 0px !important;background-color: rgba(12,12,12,0.54) !important;*background-color: rgb(12,12,12) !important;}&#8221;][vc_column_inner width=&#8221;1\/3&#8243;][vc_icon icon_fontawesome=&#8221;fa fa-file-pdf-o&#8221; color=&#8221;white&#8221; size=&#8221;xl&#8221;][vc_column_text]<span style=\"color: #ffffff;\">Para fazer o download do arquivo em PDF, clique no n\u00famero correspondente \u00e0 edi\u00e7\u00e3o que deseja<\/span>[\/vc_column_text][\/vc_column_inner][vc_column_inner width=&#8221;1\/3&#8243;][vc_column_text]\n<ul>\n<li><strong class=\"icon-download-alt\"><a href=\"http:\/\/ciendigital.com.br\/wp-content\/uploads\/2018\/11\/CIEN-Digital01.pdf\">N\u00famero 1<\/a> &#8211; <\/strong><em>Outubro de 2007<\/em><\/li>\n<li><strong class=\"icon-download-alt\"><a href=\"http:\/\/ciendigital.com.br\/wp-content\/uploads\/2018\/11\/CIEN-Digital02.pdf\">N\u00famero 2<\/a> &#8211; <\/strong><em>Dezembro de 2007<\/em><\/li>\n<li><strong class=\"icon-download-alt\"><a href=\"http:\/\/ciendigital.com.br\/wp-content\/uploads\/2018\/11\/CIEN-Digital03.pdf\">N\u00famero 3<\/a> &#8211; <\/strong><em>Mar\u00e7o de 2008<\/em><\/li>\n<li><strong class=\"icon-download-alt\"><a href=\"http:\/\/ciendigital.com.br\/wp-content\/uploads\/2018\/11\/CIEN-Digital04.pdf\">N\u00famero 4<\/a> &#8211; <\/strong><em>Julho de 2008<\/em><\/li>\n<li><strong class=\"icon-download-alt\"><a href=\"http:\/\/ciendigital.com.br\/wp-content\/uploads\/2018\/11\/CIEN-Digital05.pdf\">N\u00famero 5<\/a> &#8211; <\/strong><em>Novembro de 2008<\/em><\/li>\n<li><strong class=\"icon-download-alt\"><a href=\"http:\/\/ciendigital.com.br\/wp-content\/uploads\/2018\/11\/CIEN-Digital06.pdf\">N\u00famero 6<\/a> &#8211; <\/strong><em>Abril de 2009<\/em><\/li>\n<li><strong class=\"icon-download-alt\"><a href=\"http:\/\/ciendigital.com.br\/wp-content\/uploads\/2018\/11\/CIEN-Digital07.pdf\">N\u00famero 7<\/a> &#8211; <\/strong><em>Novembro de 2009<\/em><\/li>\n<li><strong class=\"icon-download-alt\"><a href=\"http:\/\/ciendigital.com.br\/wp-content\/uploads\/2018\/11\/CIEN-Digital08.pdf\">N\u00famero 8<\/a> &#8211; <\/strong><em>Abril de 2010<\/em><\/li>\n<li><strong class=\"icon-download-alt\"><a href=\"http:\/\/ciendigital.com.br\/wp-content\/uploads\/2018\/11\/CIEN-Digital09.pdf\">N\u00famero 9<\/a> &#8211; <\/strong><em>Outubro de 2010<\/em><\/li>\n<li><strong class=\"icon-download-alt\"><a href=\"http:\/\/ciendigital.com.br\/wp-content\/uploads\/2018\/11\/CIEN-Digital10.pdf\">N\u00famero 10<\/a> &#8211; <\/strong><em>Julho de 2011<\/em><\/li>\n<li><strong class=\"icon-download-alt\"><a href=\"http:\/\/ciendigital.com.br\/wp-content\/uploads\/2018\/11\/CIEN-Digital11.pdf\">N\u00famero 11<\/a> &#8211; <\/strong><em>Janeiro de 2012<\/em><\/li>\n<li><strong class=\"icon-download-alt\"><a href=\"http:\/\/ciendigital.com.br\/wp-content\/uploads\/2018\/11\/CIEN-Digital12.pdf\">N\u00famero 12<\/a> &#8211; <\/strong><em>Junho de 2012<\/em><\/li>\n<li><strong class=\"icon-download-alt\"><a href=\"http:\/\/ciendigital.com.br\/wp-content\/uploads\/2018\/11\/CIEN-Digital13.pdf\">N\u00famero 13<\/a> &#8211; <\/strong><em>Novembro de 2012<\/em><\/li>\n<\/ul>\n[\/vc_column_text][\/vc_column_inner][vc_column_inner width=&#8221;1\/3&#8243;][vc_column_text]\n<ul>\n<li><strong class=\"icon-download-alt\"><a href=\"http:\/\/ciendigital.com.br\/wp-content\/uploads\/2018\/11\/CIEN-Digital14.pdf\">N\u00famero 14<\/a> &#8211; <\/strong><em>Abril de 2013<\/em><\/li>\n<li><strong class=\"icon-download-alt\"><a href=\"http:\/\/ciendigital.com.br\/wp-content\/uploads\/2018\/11\/CIEN-Digital15.pdf\">N\u00famero 15<\/a> &#8211; <\/strong><em>Novembro de 2013<\/em><\/li>\n<li><strong class=\"icon-download-alt\"><a href=\"http:\/\/ciendigital.com.br\/wp-content\/uploads\/2018\/11\/CIEN-Digital16.pdf\">N\u00famero 16<\/a> &#8211; <\/strong><em>Agosto de 2014<\/em><\/li>\n<li><a href=\"http:\/\/ciendigital.com.br\/wp-content\/uploads\/2019\/03\/Cien_Digital_17.pdf\"><strong>N\u00famero 17<\/strong><\/a> &#8211; Abril 2015<\/li>\n<li><a href=\"http:\/\/ciendigital.com.br\/wp-content\/uploads\/2019\/03\/Cien_Digital_18.pdf\"><strong>N\u00famero 18<\/strong><\/a> &#8211; Agosto 2015<\/li>\n<li><a href=\"http:\/\/ciendigital.com.br\/wp-content\/uploads\/2019\/03\/Cien_Digital_19.pdf\"><strong>N\u00famero 19<\/strong><\/a> &#8211; Mar\u00e7o 2016<\/li>\n<li><a href=\"http:\/\/ciendigital.com.br\/wp-content\/uploads\/2019\/03\/Cien_Digital_20.pdf\"><strong>N\u00famero<\/strong> <strong>20<\/strong><\/a> &#8211; Outubro 2016<\/li>\n<li><a href=\"http:\/\/ciendigital.com.br\/wp-content\/uploads\/2018\/11\/CIEN-Digital21.pdf\"><strong>N\u00famero<\/strong> <strong>21<\/strong><\/a> &#8211; Setembro 2017<\/li>\n<li><a href=\"http:\/\/ciendigital.com.br\/wp-content\/uploads\/2018\/11\/Cien-Digital-22.pdf\"><strong>N\u00famero<\/strong> <strong>22<\/strong><\/a> &#8211; Novembro 2018<\/li>\n<li><a href=\"http:\/\/ciendigital.com.br\/wp-content\/uploads\/2019\/11\/Cien_Digital_23.pdf\"><strong>N\u00famero<\/strong> <strong>23<\/strong><\/a> &#8211; Novembro 2018<\/li>\n<li><a href=\"http:\/\/ciendigital.com.br\/wp-content\/uploads\/2023\/06\/Cien_Digital_24.pdf\"><strong>N\u00famero<\/strong> <strong>24<\/strong><\/a> &#8211; Janeiro 2022<\/li>\n<li><a href=\"http:\/\/ciendigital.com.br\/wp-content\/uploads\/2023\/06\/Cien_Digital_25.pdf\"><strong>N\u00famero<\/strong> <strong>25<\/strong><\/a> &#8211; Mar\u00e7o 2023<\/li>\n<\/ul>\n[\/vc_column_text][\/vc_column_inner][\/vc_row_inner][vc_empty_space][\/vc_column][\/vc_row]\n<\/div>","protected":false},"excerpt":{"rendered":"<p>[vc_row][vc_column][vc_column_text] Edi\u00e7\u00f5es Anteriores [\/vc_column_text][\/vc_column][\/vc_row][vc_row][vc_column width=&#8221;1\/4&#8243;][vc_single_image image=&#8221;5659409&#8243; img_size=&#8221;90&#215;130&#8243; alignment=&#8221;center&#8221; css=&#8221;.vc_custom_1552849318943{margin-top: 0px !important;margin-bottom: 0px !important;border-top-width: 0px !important;border-bottom-width: 0px !important;padding-top: 0px !important;padding-bottom: 0px !important;}&#8221;][vc_column_text] Edi\u00e7\u00e3o #14 [\/vc_column_text][vc_btn title=&#8221;Acessar&#8221; color=&#8221;primary&#8221; size=&#8221;xs&#8221; align=&#8221;center&#8221; link=&#8221;url:http%3A%2F%2Fciendigital.com.br%2Findex.php%2Fcien_digital_14%2F|||&#8221;][\/vc_column][vc_column width=&#8221;1\/4&#8243;][vc_single_image image=&#8221;5659410&#8243; img_size=&#8221;90&#215;130&#8243; alignment=&#8221;center&#8221; css=&#8221;.vc_custom_1552849296251{margin-top: 0px !important;margin-bottom: 0px !important;border-top-width: 0px !important;border-bottom-width: 0px !important;padding-top: 0px !important;padding-bottom: 0px !important;}&#8221;][vc_column_text] Edi\u00e7\u00e3o #15 [\/vc_column_text][vc_btn title=&#8221;Acessar&#8221; color=&#8221;primary&#8221; size=&#8221;xs&#8221; align=&#8221;center&#8221; link=&#8221;url:http%3A%2F%2Fciendigital.com.br%2Findex.php%2Fcien_digital_15%2F|||&#8221;][\/vc_column][vc_column width=&#8221;1\/4&#8243;][vc_single_image&hellip;<\/p>\n","protected":false},"author":1,"featured_media":0,"parent":0,"menu_order":0,"comment_status":"closed","ping_status":"closed","template":"","meta":{"footnotes":""},"class_list":["post-5658320","page","type-page","status-publish","hentry","entry","no-media"],"_links":{"self":[{"href":"https:\/\/ciendigital.com.br\/index.php\/wp-json\/wp\/v2\/pages\/5658320","targetHints":{"allow":["GET"]}}],"collection":[{"href":"https:\/\/ciendigital.com.br\/index.php\/wp-json\/wp\/v2\/pages"}],"about":[{"href":"https:\/\/ciendigital.com.br\/index.php\/wp-json\/wp\/v2\/types\/page"}],"author":[{"embeddable":true,"href":"https:\/\/ciendigital.com.br\/index.php\/wp-json\/wp\/v2\/users\/1"}],"replies":[{"embeddable":true,"href":"https:\/\/ciendigital.com.br\/index.php\/wp-json\/wp\/v2\/comments?post=5658320"}],"version-history":[{"count":2,"href":"https:\/\/ciendigital.com.br\/index.php\/wp-json\/wp\/v2\/pages\/5658320\/revisions"}],"predecessor-version":[{"id":5659744,"href":"https:\/\/ciendigital.com.br\/index.php\/wp-json\/wp\/v2\/pages\/5658320\/revisions\/5659744"}],"wp:attachment":[{"href":"https:\/\/ciendigital.com.br\/index.php\/wp-json\/wp\/v2\/media?parent=5658320"}],"curies":[{"name":"wp","href":"https:\/\/api.w.org\/{rel}","templated":true}]}}