{"id":5658534,"date":"2015-05-11T14:32:57","date_gmt":"2015-05-11T14:32:57","guid":{"rendered":"http:\/\/www.bitpublimedia.ro\/themes\/integrity-wp\/?page_id=94"},"modified":"2018-11-17T18:11:45","modified_gmt":"2018-11-17T20:11:45","slug":"404-page","status":"publish","type":"page","link":"https:\/\/ciendigital.com.br\/index.php\/404-page\/","title":{"rendered":"Page: 404 not found"},"content":{"rendered":"<div class=\"wpb-content-wrapper\">[vc_row full_width=&#8221;stretch_row&#8221; font_color=&#8221;#ffffff&#8221; gmbt_prlx_bg_type=&#8221;parallax&#8221; gmbt_prlx_break_parents=&#8221;0&#8243; gmbt_prlx_smooth_scrolling=&#8221;&#8221; gmbt_prlx_video_mute=&#8221;&#8221; gmbt_prlx_video_force_hd=&#8221;&#8221; gmbt_prlx_opacity=&#8221;100&#8243; gmbt_prlx_video_aspect_ratio=&#8221;16:9&#8243; gmbt_prlx_parallax=&#8221;none&#8221; gmbt_prlx_speed=&#8221;0.3&#8243; gmbt_prlx_enable_mobile=&#8221;&#8221; css=&#8221;.vc_custom_1474460930712{margin-bottom: 0px !important;padding-top: 240px !important;padding-bottom: 200px !important;background-image: url(http:\/\/www.bitpublimedia.ro\/themes\/integrity-wp\/wp-content\/uploads\/2015\/05\/1920&#215;1200-5.jpg?id=737) !important;}&#8221;][vc_column][vc_row_inner][vc_column_inner][ewf-headline title=&#8221;404 &#8211; P\u00e1gina n\u00e3o encontrada&#8221; details=&#8221;Utilize o menu para acessar uma se\u00e7\u00e3o do site ou utilize o campo de &#8220;pesquisa&#8220; para buscar o assunto que deseja.&#8221; style=&#8221;ewf-headline-style-2&#8243;][\/vc_column_inner][\/vc_row_inner][vc_row_inner][vc_column_inner][ewf-button link=&#8221;url:http%3A%2F%2Fciendigital.com.br%2F|title:Or%2C%20go%20back%20Home||&#8221; icon=&#8221;&#8221; size=&#8221;large&#8221;][\/vc_column_inner][\/vc_row_inner][\/vc_column][\/vc_row]\n<\/div>","protected":false},"excerpt":{"rendered":"<p>[vc_row full_width=&#8221;stretch_row&#8221; font_color=&#8221;#ffffff&#8221; gmbt_prlx_bg_type=&#8221;parallax&#8221; gmbt_prlx_break_parents=&#8221;0&#8243; gmbt_prlx_smooth_scrolling=&#8221;&#8221; gmbt_prlx_video_mute=&#8221;&#8221; gmbt_prlx_video_force_hd=&#8221;&#8221; gmbt_prlx_opacity=&#8221;100&#8243; gmbt_prlx_video_aspect_ratio=&#8221;16:9&#8243; gmbt_prlx_parallax=&#8221;none&#8221; gmbt_prlx_speed=&#8221;0.3&#8243; gmbt_prlx_enable_mobile=&#8221;&#8221; css=&#8221;.vc_custom_1474460930712{margin-bottom: 0px !important;padding-top: 240px !important;padding-bottom: 200px !important;background-image: url(http:\/\/www.bitpublimedia.ro\/themes\/integrity-wp\/wp-content\/uploads\/2015\/05\/1920&#215;1200-5.jpg?id=737) !important;}&#8221;][vc_column][vc_row_inner][vc_column_inner][ewf-headline title=&#8221;404 &#8211; P\u00e1gina n\u00e3o encontrada&#8221; details=&#8221;Utilize o menu para acessar uma se\u00e7\u00e3o do site ou utilize o campo de &#8220;pesquisa&#8220; para buscar o assunto que deseja.&#8221; style=&#8221;ewf-headline-style-2&#8243;][\/vc_column_inner][\/vc_row_inner][vc_row_inner][vc_column_inner][ewf-button link=&#8221;url:http%3A%2F%2Fciendigital.com.br%2F|title:Or%2C%20go%20back%20Home||&#8221; icon=&#8221;&#8221; size=&#8221;large&#8221;][\/vc_column_inner][\/vc_row_inner][\/vc_column][\/vc_row]<\/p>\n","protected":false},"author":1,"featured_media":0,"parent":0,"menu_order":0,"comment_status":"open","ping_status":"open","template":"","meta":{"footnotes":""},"class_list":["post-5658534","page","type-page","status-publish","hentry","entry","no-media"],"_links":{"self":[{"href":"https:\/\/ciendigital.com.br\/index.php\/wp-json\/wp\/v2\/pages\/5658534","targetHints":{"allow":["GET"]}}],"collection":[{"href":"https:\/\/ciendigital.com.br\/index.php\/wp-json\/wp\/v2\/pages"}],"about":[{"href":"https:\/\/ciendigital.com.br\/index.php\/wp-json\/wp\/v2\/types\/page"}],"author":[{"embeddable":true,"href":"https:\/\/ciendigital.com.br\/index.php\/wp-json\/wp\/v2\/users\/1"}],"replies":[{"embeddable":true,"href":"https:\/\/ciendigital.com.br\/index.php\/wp-json\/wp\/v2\/comments?post=5658534"}],"version-history":[{"count":0,"href":"https:\/\/ciendigital.com.br\/index.php\/wp-json\/wp\/v2\/pages\/5658534\/revisions"}],"wp:attachment":[{"href":"https:\/\/ciendigital.com.br\/index.php\/wp-json\/wp\/v2\/media?parent=5658534"}],"curies":[{"name":"wp","href":"https:\/\/api.w.org\/{rel}","templated":true}]}}